{"id":137,"date":"2017-03-08T01:37:35","date_gmt":"2017-03-08T00:37:35","guid":{"rendered":"http:\/\/www.frauzeit.de\/?page_id=137"},"modified":"2017-03-08T01:38:39","modified_gmt":"2017-03-08T00:38:39","slug":"wellness","status":"publish","type":"page","link":"https:\/\/frauzeit.de\/index.php\/wellness\/","title":{"rendered":"Wellness"},"content":{"rendered":"<p><code><ul class=\"lcp_catlist\" id=\"lcp_instance_0\"><li><a href=\"https:\/\/frauzeit.de\/index.php\/2025\/01\/01\/das-radioprojekt-schwetzstubb\/\">Waldbaden \u2013 Die Natur mit allen Sinnen genie\u00dfen<\/a><\/li><li><a href=\"https:\/\/frauzeit.de\/index.php\/2022\/12\/22\/line-dance-workshop-fuer-anfaengerinnen\/\">Line Dance: Tanzen, Lachen, Energie tanken<\/a><\/li><li><a href=\"https:\/\/frauzeit.de\/index.php\/2020\/08\/30\/gymnastik-auf-neben-mit-und-um-den-stuhl-herum\/\">Yoga auf, mit, neben und um den Stuhl herum<\/a><\/li><li><a href=\"https:\/\/frauzeit.de\/index.php\/2020\/01\/06\/engpass-dehnungen-nach-liebscher-bracht\/\">Faszien Dehnungen nach Liebscher &amp; Bracht<\/a><\/li><li><a href=\"https:\/\/frauzeit.de\/index.php\/2011\/07\/29\/yoga-fuer-geuebte-und-ungeuebte\/\">Yoga f\u00fcr Ge\u00fcbte und Unge\u00fcbte<\/a><\/li><\/ul><\/code><\/p>\n","protected":false},"excerpt":{"rendered":"","protected":false},"author":1,"featured_media":0,"parent":0,"menu_order":0,"comment_status":"closed","ping_status":"closed","template":"","meta":{"footnotes":""},"class_list":["post-137","page","type-page","status-publish","hentry"],"_links":{"self":[{"href":"https:\/\/frauzeit.de\/index.php\/wp-json\/wp\/v2\/pages\/137","targetHints":{"allow":["GET"]}}],"collection":[{"href":"https:\/\/frauzeit.de\/index.php\/wp-json\/wp\/v2\/pages"}],"about":[{"href":"https:\/\/frauzeit.de\/index.php\/wp-json\/wp\/v2\/types\/page"}],"author":[{"embeddable":true,"href":"https:\/\/frauzeit.de\/index.php\/wp-json\/wp\/v2\/users\/1"}],"replies":[{"embeddable":true,"href":"https:\/\/frauzeit.de\/index.php\/wp-json\/wp\/v2\/comments?post=137"}],"version-history":[{"count":2,"href":"https:\/\/frauzeit.de\/index.php\/wp-json\/wp\/v2\/pages\/137\/revisions"}],"predecessor-version":[{"id":143,"href":"https:\/\/frauzeit.de\/index.php\/wp-json\/wp\/v2\/pages\/137\/revisions\/143"}],"wp:attachment":[{"href":"https:\/\/frauzeit.de\/index.php\/wp-json\/wp\/v2\/media?parent=137"}],"curies":[{"name":"wp","href":"https:\/\/api.w.org\/{rel}","templated":true}]}}