{"id":144,"date":"2018-01-17T01:42:07","date_gmt":"2018-01-17T00:42:07","guid":{"rendered":"http:\/\/www.frauzeit.de\/?page_id=144"},"modified":"2026-01-03T20:43:11","modified_gmt":"2026-01-03T19:43:11","slug":"startseite","status":"publish","type":"page","link":"https:\/\/frauzeit.de\/","title":{"rendered":"Startseite"},"content":{"rendered":"\n<h1 class=\"wp-block-heading\"><a href=\"https:\/\/frauzeit.de\/wp-content\/uploads\/FrauZeit_Programmheft-1HJ_26_final.pdf\" data-type=\"attachment\" data-id=\"975\">FrauZeit Programmheft <\/a><br><a href=\"https:\/\/frauzeit.de\/wp-content\/uploads\/FrauZeit_Programmheft-1HJ_26_final.pdf\" data-type=\"attachment\" data-id=\"975\">f\u00fcr das 1. Halbjahr 2026<\/a><\/h1>\n\n\n\n<p>Liebe Freundinnen und Freunde von FrauZeit,<br>Sie finden in diesem Programm bei Kursen und Workshops (Vortr\u00e4ge sind ausgenommen) wieder zwei Preiskategorien: Mitglieder und (noch)Nicht-Mitglieder. Mitglieder erhalten einen Mitgliedsausweis (<a href=\"https:\/\/frauzeit.de\/wp-content\/uploads\/FrauZeit-Beitrittserklaerung-22-12.pdf\">Beitrittserkl\u00e4rung<\/a>), den Sie bei den KursleiterInnen vorlegen k\u00f6nnen.<\/p>\n\n\n\n<p>Das <a href=\"https:\/\/frauzeit.de\/wp-content\/uploads\/FrauZeit-Formular-Kursanmeldung-Juli17.pdf\">Anmeldeformular <\/a>soll helfen, die Anmeldung verbindlicher zu gestalten. Einige KursleiterInnen beklagten, dass TeilnehmerInnen sich zwar anmelden, dann aber nicht kommen. Das ist besonders schade bei Veranstaltungen mit einer Teilnehmerbegrenzung \u2013 die eine oder andere Interessentin h\u00e4tte gerne noch teilgenommen.<\/p>\n\n\n\n<p>Wir w\u00fcnschen Euch viel Spa\u00df beim St\u00f6bern,<\/p>\n\n\n\n<p>Euer FrauZeit-Team<\/p>\n\n\n\n<h2 class=\"wp-block-heading\">Wir suchen Dich!<\/h2>\n\n\n\n<p>Bist Du bereits Kursleiter*in oder hast du vielleicht ein Hobby, das Du an Andere weitergeben m\u00f6chtest? Dann bist Du bei FrauZeit genau richtig! Wir suchen engagierte und motivierte Kursleiterinnen auf Honorarbasis, die Freude daran haben, ihre Kenntnisse weiterzugeben.<\/p>\n\n\n\n<h2 class=\"wp-block-heading\">Wir suchen Dich!<\/h2>\n\n\n\n<p>Hast du Lust, dich im Verein zu engagieren, vielleicht eine Aufgabe zu \u00fcbernehmen oder einfach nur, zu unserem Mitgliedertreffen zu kommen? Dann bist du bei FrauZeit genau richtig! Bitte melde dich unter <a href=\"mailto:info@frauzeit.de\">info@frauzeit.de<\/a>! Wir freuen uns auf dich!<\/p>\n\n\n\n<h1 class=\"wp-block-heading\">Hier noch etwas Besonderes:<\/h1>\n\n\n\n<p>Seit Januar 2019 wird die B\u00fccherei in Cleeberg, die schon seit vielen Jahren besteht, von drei Cleeberger Frauen gef\u00fchrt: Henrike Witzel, Ulrike Rix und Mara Ziegel.<\/p>\n\n\n\n<p>Es gibt ein gro\u00dfes Sortiment an B\u00fcchern f\u00fcr jeden Geschmack: f\u00fcr Kinder, Jugendliche und Erwachsene.<\/p>\n\n\n\n<p>Jeden Monat erwerben wir Aktuelles dazu und gehen auch auf W\u00fcnsche der Besucher ein. Au\u00dferdem haben wir H\u00f6r-CDs und DVDs. In unregelm\u00e4\u00dfigen Abst\u00e4nden werden Lesungen und Filmabende stattfinden.<\/p>\n\n\n\n<p>Nachzusehen bei: <a href=\"http:\/\/www.buecherei-cleeberg.de\" data-type=\"link\" data-id=\"www.buecherei-cleeberg.de\">www.buecherei-cleeberg.de<\/a><\/p>\n\n\n\n<p>\u00d6ffnungszeiten:<br>Dienstag 19.00 bis 21.00 Uhr<br>Freitag 16.00 bis 18.00 Uhr<br>Auch w\u00e4hrend der Schulferien ge\u00f6ffnet.<br>Die genauen \u00d6ffnungszeiten werden auf der Website ver\u00f6ffentlicht.<\/p>\n\n\n\n<p>B\u00fccherei Cleeberg:<br>Im B\u00fcrgerhaus &#8211; Forsthausstr. 4, 35428 Langg\u00f6ns-Cleeberg<br><a href=\"mailto:info@buecherei-cleeberg.de\">info@buecherei-cleeberg.de<\/a><br><a href=\"http:\/\/www.buecherei-cleeberg.de\">www.buecherei-cleeberg.de<\/a><\/p>\n","protected":false},"excerpt":{"rendered":"<p>FrauZeit Programmheft f\u00fcr das 1. Halbjahr 2026 Liebe Freundinnen und Freunde von FrauZeit,Sie finden in diesem Programm bei Kursen und Workshops (Vortr\u00e4ge sind ausgenommen) wieder zwei Preiskategorien: Mitglieder und (noch)Nicht-Mitglieder. Mitglieder erhalten einen Mitgliedsausweis (Beitrittserkl\u00e4rung), den Sie bei den KursleiterInnen vorlegen k\u00f6nnen. Das Anmeldeformular soll helfen, die Anmeldung verbindlicher zu gestalten. Einige KursleiterInnen beklagten, dass [&hellip;]<\/p>\n","protected":false},"author":1,"featured_media":0,"parent":0,"menu_order":0,"comment_status":"closed","ping_status":"closed","template":"","meta":{"footnotes":""},"class_list":["post-144","page","type-page","status-publish","hentry"],"_links":{"self":[{"href":"https:\/\/frauzeit.de\/index.php\/wp-json\/wp\/v2\/pages\/144","targetHints":{"allow":["GET"]}}],"collection":[{"href":"https:\/\/frauzeit.de\/index.php\/wp-json\/wp\/v2\/pages"}],"about":[{"href":"https:\/\/frauzeit.de\/index.php\/wp-json\/wp\/v2\/types\/page"}],"author":[{"embeddable":true,"href":"https:\/\/frauzeit.de\/index.php\/wp-json\/wp\/v2\/users\/1"}],"replies":[{"embeddable":true,"href":"https:\/\/frauzeit.de\/index.php\/wp-json\/wp\/v2\/comments?post=144"}],"version-history":[{"count":57,"href":"https:\/\/frauzeit.de\/index.php\/wp-json\/wp\/v2\/pages\/144\/revisions"}],"predecessor-version":[{"id":978,"href":"https:\/\/frauzeit.de\/index.php\/wp-json\/wp\/v2\/pages\/144\/revisions\/978"}],"wp:attachment":[{"href":"https:\/\/frauzeit.de\/index.php\/wp-json\/wp\/v2\/media?parent=144"}],"curies":[{"name":"wp","href":"https:\/\/api.w.org\/{rel}","templated":true}]}}