{"id":146,"date":"2017-03-08T01:44:49","date_gmt":"2017-03-08T00:44:49","guid":{"rendered":"http:\/\/www.frauzeit.de\/?page_id=146"},"modified":"2017-03-08T01:44:49","modified_gmt":"2017-03-08T00:44:49","slug":"kreativ","status":"publish","type":"page","link":"https:\/\/frauzeit.de\/index.php\/kreativ\/","title":{"rendered":"Kreativ"},"content":{"rendered":"<p><code><ul class=\"lcp_catlist\" id=\"lcp_instance_0\"><li><a href=\"https:\/\/frauzeit.de\/index.php\/2019\/09\/01\/naehen-fuer-anfaenger-und-fortgeschrittene\/\">N\u00e4hen f\u00fcr Anf\u00e4nger*innen und Fortgeschrittene<\/a><\/li><li><a href=\"https:\/\/frauzeit.de\/index.php\/2022\/08\/08\/strickkreis\/\">Offener Strickkreis<\/a><\/li><\/ul><\/code><\/p>\n","protected":false},"excerpt":{"rendered":"","protected":false},"author":1,"featured_media":0,"parent":0,"menu_order":0,"comment_status":"closed","ping_status":"closed","template":"","meta":{"footnotes":""},"class_list":["post-146","page","type-page","status-publish","hentry"],"_links":{"self":[{"href":"https:\/\/frauzeit.de\/index.php\/wp-json\/wp\/v2\/pages\/146","targetHints":{"allow":["GET"]}}],"collection":[{"href":"https:\/\/frauzeit.de\/index.php\/wp-json\/wp\/v2\/pages"}],"about":[{"href":"https:\/\/frauzeit.de\/index.php\/wp-json\/wp\/v2\/types\/page"}],"author":[{"embeddable":true,"href":"https:\/\/frauzeit.de\/index.php\/wp-json\/wp\/v2\/users\/1"}],"replies":[{"embeddable":true,"href":"https:\/\/frauzeit.de\/index.php\/wp-json\/wp\/v2\/comments?post=146"}],"version-history":[{"count":1,"href":"https:\/\/frauzeit.de\/index.php\/wp-json\/wp\/v2\/pages\/146\/revisions"}],"predecessor-version":[{"id":147,"href":"https:\/\/frauzeit.de\/index.php\/wp-json\/wp\/v2\/pages\/146\/revisions\/147"}],"wp:attachment":[{"href":"https:\/\/frauzeit.de\/index.php\/wp-json\/wp\/v2\/media?parent=146"}],"curies":[{"name":"wp","href":"https:\/\/api.w.org\/{rel}","templated":true}]}}